{"id":11,"date":"2025-02-06T12:59:42","date_gmt":"2025-02-06T11:59:42","guid":{"rendered":"https:\/\/ksad.etiudaandanima.pl\/?page_id=11"},"modified":"2025-06-17T12:05:47","modified_gmt":"2025-06-17T10:05:47","slug":"strona-glowna","status":"publish","type":"page","link":"https:\/\/ksad.etiudaandanima.pl\/","title":{"rendered":"Strona g\u0142\u00f3wna"},"content":{"rendered":"\n<p>Witamy na stronie g\u0142\u00f3wnej 17. Krakow Summer Animation Days - 18-20 lipca 2025<\/p>\n\n\n\n<p>Co roku podczas letnich wieczor\u00f3w mieszka\u0144cy Krakowa i jego go\u015bcie mog\u0105 do\u015bwiadcza\u0107 bogactwa sztuki animacji w samym sercu historycznego miasta. Wszystko to za spraw\u0105 Krakow Summer Animation Days: wydarzenia plenerowego realizowanego przez Fundacj\u0119 Promocji Kultury Artystycznej, Filmowej i Audiowizualnej Etiuda&amp;Anima.<br><br>W trakcie imprezy mo\u017cna wzi\u0105\u0107 udzia\u0142 w darmowych plenerowych pokazach film\u00f3w animowanych z ca\u0142ego \u015bwiata, a tak\u017ce warsztatach filmowych skierowanych zar\u00f3wno do doros\u0142ych, jak i m\u0142odszych mi\u0142o\u015bnik\u00f3w sztuki animacji. Celem wydarzenia jest promowanie r\u00f3\u017cnych form tej jedynej w swoim rodzaju artystycznej wypowiedzi.<\/p>\n\n\n\n<p>Strona festiwalu Etiuda&amp;Anima:<br><a href=\"https:\/\/etiudaandanima.pl\">https:\/\/etiudaandanima.pl<\/a><\/p>\n\n\n\n<p><\/p>\n","protected":false},"excerpt":{"rendered":"<p>Witamy na stronie g\u0142\u00f3wnej 17. Krakow Summer Animation Days - 18-20 lipca 2025 Co roku podczas letnich wieczor\u00f3w mieszka\u0144cy Krakowa i jego go\u015bcie mog\u0105 do\u015bwiadcza\u0107 bogactwa sztuki animacji w samym sercu historycznego miasta. Wszystko to za spraw\u0105 Krakow Summer Animation Days: wydarzenia plenerowego realizowanego przez Fundacj\u0119 Promocji Kultury Artystycznej, Filmowej i Audiowizualnej Etiuda&amp;Anima. W trakcie [&hellip;]<\/p>\n","protected":false},"author":1,"featured_media":106,"parent":0,"menu_order":0,"comment_status":"closed","ping_status":"closed","template":"","meta":{"footnotes":""},"class_list":["post-11","page","type-page","status-publish","has-post-thumbnail","hentry"],"yoast_head":"<!-- This site is optimized with the Yoast SEO plugin v24.4 - https:\/\/yoast.com\/wordpress\/plugins\/seo\/ -->\n<title>17 Krakow Summer Animation Days: PROGRAM - 18-20 lipca 2025<\/title>\n<meta name=\"description\" content=\"Krakow Summer Animation Days Plenerowe pokazy film\u00f3w animowanych z ca\u0142ego \u015bwiata warsztaty filmowe dla doros\u0142ych i m\u0142odych mi\u0142o\u015bnik\u00f3w animacji\" \/>\n<meta name=\"robots\" content=\"index, follow, max-snippet:-1, max-image-preview:large, max-video-preview:-1\" \/>\n<link rel=\"canonical\" href=\"https:\/\/ksad.etiudaandanima.pl\/\" \/>\n<meta property=\"og:locale\" content=\"pl_PL\" \/>\n<meta property=\"og:type\" content=\"article\" \/>\n<meta property=\"og:title\" content=\"17 Krakow Summer Animation Days: PROGRAM - 18-20 lipca 2025\" \/>\n<meta property=\"og:description\" content=\"Krakow Summer Animation Days Plenerowe pokazy film\u00f3w animowanych z ca\u0142ego \u015bwiata warsztaty filmowe dla doros\u0142ych i m\u0142odych mi\u0142o\u015bnik\u00f3w animacji\" \/>\n<meta property=\"og:url\" content=\"https:\/\/ksad.etiudaandanima.pl\/\" \/>\n<meta property=\"og:site_name\" content=\"17. Krakow Summer Animation Days - 18-20 lipca 2025\" \/>\n<meta property=\"article:modified_time\" content=\"2025-06-17T10:05:47+00:00\" \/>\n<meta property=\"og:image\" content=\"https:\/\/ksad.etiudaandanima.pl\/wp-content\/uploads\/2025\/02\/KSAD-25_FB-Ig-www__1080-x-1080__.jpg\" \/>\n\t<meta property=\"og:image:width\" content=\"1080\" \/>\n\t<meta property=\"og:image:height\" content=\"1080\" \/>\n\t<meta property=\"og:image:type\" content=\"image\/jpeg\" \/>\n<meta name=\"twitter:card\" content=\"summary_large_image\" \/>\n<meta name=\"twitter:label1\" content=\"Szacowany czas czytania\" \/>\n\t<meta name=\"twitter:data1\" content=\"1 minuta\" \/>\n<script type=\"application\/ld+json\" class=\"yoast-schema-graph\">{\"@context\":\"https:\/\/schema.org\",\"@graph\":[{\"@type\":\"WebPage\",\"@id\":\"https:\/\/ksad.etiudaandanima.pl\/\",\"url\":\"https:\/\/ksad.etiudaandanima.pl\/\",\"name\":\"17 Krakow Summer Animation Days: PROGRAM - 18-20 lipca 2025\",\"isPartOf\":{\"@id\":\"https:\/\/ksad.etiudaandanima.pl\/#website\"},\"primaryImageOfPage\":{\"@id\":\"https:\/\/ksad.etiudaandanima.pl\/#primaryimage\"},\"image\":{\"@id\":\"https:\/\/ksad.etiudaandanima.pl\/#primaryimage\"},\"thumbnailUrl\":\"https:\/\/ksad.etiudaandanima.pl\/wp-content\/uploads\/2025\/02\/KSAD-25_FB-Ig-www__1080-x-1080__.jpg\",\"datePublished\":\"2025-02-06T11:59:42+00:00\",\"dateModified\":\"2025-06-17T10:05:47+00:00\",\"description\":\"Krakow Summer Animation Days Plenerowe pokazy film\u00f3w animowanych z ca\u0142ego \u015bwiata warsztaty filmowe dla doros\u0142ych i m\u0142odych mi\u0142o\u015bnik\u00f3w animacji\",\"breadcrumb\":{\"@id\":\"https:\/\/ksad.etiudaandanima.pl\/#breadcrumb\"},\"inLanguage\":\"pl-PL\",\"potentialAction\":[{\"@type\":\"ReadAction\",\"target\":[\"https:\/\/ksad.etiudaandanima.pl\/\"]}]},{\"@type\":\"ImageObject\",\"inLanguage\":\"pl-PL\",\"@id\":\"https:\/\/ksad.etiudaandanima.pl\/#primaryimage\",\"url\":\"https:\/\/ksad.etiudaandanima.pl\/wp-content\/uploads\/2025\/02\/KSAD-25_FB-Ig-www__1080-x-1080__.jpg\",\"contentUrl\":\"https:\/\/ksad.etiudaandanima.pl\/wp-content\/uploads\/2025\/02\/KSAD-25_FB-Ig-www__1080-x-1080__.jpg\",\"width\":1080,\"height\":1080,\"caption\":\"Krak\u00f3w Summer Animation Days - Plakat\"},{\"@type\":\"BreadcrumbList\",\"@id\":\"https:\/\/ksad.etiudaandanima.pl\/#breadcrumb\",\"itemListElement\":[{\"@type\":\"ListItem\",\"position\":1,\"name\":\"Strona g\u0142\u00f3wna\",\"item\":\"https:\/\/ksad.etiudaandanima.pl\/\"},{\"@type\":\"ListItem\",\"position\":2,\"name\":\"Strona g\u0142\u00f3wna\"}]},{\"@type\":\"WebSite\",\"@id\":\"https:\/\/ksad.etiudaandanima.pl\/#website\",\"url\":\"https:\/\/ksad.etiudaandanima.pl\/\",\"name\":\"17. Krakow Summer Animation Days - 18-20 lipca 2025\",\"description\":\"Krakow Summer Animation Days (KSAD) to letnie plenerowe pokazy najlepszych animacji z ostatniego sezonu zaprezentowane na Mi\u0119dzynarodowym Festiwalu Filmowym Etiuda&amp;Anima. Do zobaczenia w Krakowie\",\"publisher\":{\"@id\":\"https:\/\/ksad.etiudaandanima.pl\/#organization\"},\"potentialAction\":[{\"@type\":\"SearchAction\",\"target\":{\"@type\":\"EntryPoint\",\"urlTemplate\":\"https:\/\/ksad.etiudaandanima.pl\/?s={search_term_string}\"},\"query-input\":{\"@type\":\"PropertyValueSpecification\",\"valueRequired\":true,\"valueName\":\"search_term_string\"}}],\"inLanguage\":\"pl-PL\"},{\"@type\":\"Organization\",\"@id\":\"https:\/\/ksad.etiudaandanima.pl\/#organization\",\"name\":\"17. Krakow Summer Animation Days - 18-20 lipca 2025\",\"url\":\"https:\/\/ksad.etiudaandanima.pl\/\",\"logo\":{\"@type\":\"ImageObject\",\"inLanguage\":\"pl-PL\",\"@id\":\"https:\/\/ksad.etiudaandanima.pl\/#\/schema\/logo\/image\/\",\"url\":\"https:\/\/ksad.etiudaandanima.pl\/wp-content\/uploads\/2025\/02\/KSAD_logo.png\",\"contentUrl\":\"https:\/\/ksad.etiudaandanima.pl\/wp-content\/uploads\/2025\/02\/KSAD_logo.png\",\"width\":300,\"height\":300,\"caption\":\"17. Krakow Summer Animation Days - 18-20 lipca 2025\"},\"image\":{\"@id\":\"https:\/\/ksad.etiudaandanima.pl\/#\/schema\/logo\/image\/\"}}]}<\/script>\n<!-- \/ Yoast SEO plugin. -->","yoast_head_json":{"title":"17 Krakow Summer Animation Days: PROGRAM - 18-20 lipca 2025","description":"Krakow Summer Animation Days Plenerowe pokazy film\u00f3w animowanych z ca\u0142ego \u015bwiata warsztaty filmowe dla doros\u0142ych i m\u0142odych mi\u0142o\u015bnik\u00f3w animacji","robots":{"index":"index","follow":"follow","max-snippet":"max-snippet:-1","max-image-preview":"max-image-preview:large","max-video-preview":"max-video-preview:-1"},"canonical":"https:\/\/ksad.etiudaandanima.pl\/","og_locale":"pl_PL","og_type":"article","og_title":"17 Krakow Summer Animation Days: PROGRAM - 18-20 lipca 2025","og_description":"Krakow Summer Animation Days Plenerowe pokazy film\u00f3w animowanych z ca\u0142ego \u015bwiata warsztaty filmowe dla doros\u0142ych i m\u0142odych mi\u0142o\u015bnik\u00f3w animacji","og_url":"https:\/\/ksad.etiudaandanima.pl\/","og_site_name":"17. Krakow Summer Animation Days - 18-20 lipca 2025","article_modified_time":"2025-06-17T10:05:47+00:00","og_image":[{"width":1080,"height":1080,"url":"https:\/\/ksad.etiudaandanima.pl\/wp-content\/uploads\/2025\/02\/KSAD-25_FB-Ig-www__1080-x-1080__.jpg","type":"image\/jpeg"}],"twitter_card":"summary_large_image","twitter_misc":{"Szacowany czas czytania":"1 minuta"},"schema":{"@context":"https:\/\/schema.org","@graph":[{"@type":"WebPage","@id":"https:\/\/ksad.etiudaandanima.pl\/","url":"https:\/\/ksad.etiudaandanima.pl\/","name":"17 Krakow Summer Animation Days: PROGRAM - 18-20 lipca 2025","isPartOf":{"@id":"https:\/\/ksad.etiudaandanima.pl\/#website"},"primaryImageOfPage":{"@id":"https:\/\/ksad.etiudaandanima.pl\/#primaryimage"},"image":{"@id":"https:\/\/ksad.etiudaandanima.pl\/#primaryimage"},"thumbnailUrl":"https:\/\/ksad.etiudaandanima.pl\/wp-content\/uploads\/2025\/02\/KSAD-25_FB-Ig-www__1080-x-1080__.jpg","datePublished":"2025-02-06T11:59:42+00:00","dateModified":"2025-06-17T10:05:47+00:00","description":"Krakow Summer Animation Days Plenerowe pokazy film\u00f3w animowanych z ca\u0142ego \u015bwiata warsztaty filmowe dla doros\u0142ych i m\u0142odych mi\u0142o\u015bnik\u00f3w animacji","breadcrumb":{"@id":"https:\/\/ksad.etiudaandanima.pl\/#breadcrumb"},"inLanguage":"pl-PL","potentialAction":[{"@type":"ReadAction","target":["https:\/\/ksad.etiudaandanima.pl\/"]}]},{"@type":"ImageObject","inLanguage":"pl-PL","@id":"https:\/\/ksad.etiudaandanima.pl\/#primaryimage","url":"https:\/\/ksad.etiudaandanima.pl\/wp-content\/uploads\/2025\/02\/KSAD-25_FB-Ig-www__1080-x-1080__.jpg","contentUrl":"https:\/\/ksad.etiudaandanima.pl\/wp-content\/uploads\/2025\/02\/KSAD-25_FB-Ig-www__1080-x-1080__.jpg","width":1080,"height":1080,"caption":"Krak\u00f3w Summer Animation Days - Plakat"},{"@type":"BreadcrumbList","@id":"https:\/\/ksad.etiudaandanima.pl\/#breadcrumb","itemListElement":[{"@type":"ListItem","position":1,"name":"Strona g\u0142\u00f3wna","item":"https:\/\/ksad.etiudaandanima.pl\/"},{"@type":"ListItem","position":2,"name":"Strona g\u0142\u00f3wna"}]},{"@type":"WebSite","@id":"https:\/\/ksad.etiudaandanima.pl\/#website","url":"https:\/\/ksad.etiudaandanima.pl\/","name":"17. Krakow Summer Animation Days - 18-20 lipca 2025","description":"Krakow Summer Animation Days (KSAD) to letnie plenerowe pokazy najlepszych animacji z ostatniego sezonu zaprezentowane na Mi\u0119dzynarodowym Festiwalu Filmowym Etiuda&amp;Anima. Do zobaczenia w Krakowie","publisher":{"@id":"https:\/\/ksad.etiudaandanima.pl\/#organization"},"potentialAction":[{"@type":"SearchAction","target":{"@type":"EntryPoint","urlTemplate":"https:\/\/ksad.etiudaandanima.pl\/?s={search_term_string}"},"query-input":{"@type":"PropertyValueSpecification","valueRequired":true,"valueName":"search_term_string"}}],"inLanguage":"pl-PL"},{"@type":"Organization","@id":"https:\/\/ksad.etiudaandanima.pl\/#organization","name":"17. Krakow Summer Animation Days - 18-20 lipca 2025","url":"https:\/\/ksad.etiudaandanima.pl\/","logo":{"@type":"ImageObject","inLanguage":"pl-PL","@id":"https:\/\/ksad.etiudaandanima.pl\/#\/schema\/logo\/image\/","url":"https:\/\/ksad.etiudaandanima.pl\/wp-content\/uploads\/2025\/02\/KSAD_logo.png","contentUrl":"https:\/\/ksad.etiudaandanima.pl\/wp-content\/uploads\/2025\/02\/KSAD_logo.png","width":300,"height":300,"caption":"17. Krakow Summer Animation Days - 18-20 lipca 2025"},"image":{"@id":"https:\/\/ksad.etiudaandanima.pl\/#\/schema\/logo\/image\/"}}]}},"_links":{"self":[{"href":"https:\/\/ksad.etiudaandanima.pl\/index.php\/wp-json\/wp\/v2\/pages\/11","targetHints":{"allow":["GET"]}}],"collection":[{"href":"https:\/\/ksad.etiudaandanima.pl\/index.php\/wp-json\/wp\/v2\/pages"}],"about":[{"href":"https:\/\/ksad.etiudaandanima.pl\/index.php\/wp-json\/wp\/v2\/types\/page"}],"author":[{"embeddable":true,"href":"https:\/\/ksad.etiudaandanima.pl\/index.php\/wp-json\/wp\/v2\/users\/1"}],"replies":[{"embeddable":true,"href":"https:\/\/ksad.etiudaandanima.pl\/index.php\/wp-json\/wp\/v2\/comments?post=11"}],"version-history":[{"count":7,"href":"https:\/\/ksad.etiudaandanima.pl\/index.php\/wp-json\/wp\/v2\/pages\/11\/revisions"}],"predecessor-version":[{"id":122,"href":"https:\/\/ksad.etiudaandanima.pl\/index.php\/wp-json\/wp\/v2\/pages\/11\/revisions\/122"}],"wp:featuredmedia":[{"embeddable":true,"href":"https:\/\/ksad.etiudaandanima.pl\/index.php\/wp-json\/wp\/v2\/media\/106"}],"wp:attachment":[{"href":"https:\/\/ksad.etiudaandanima.pl\/index.php\/wp-json\/wp\/v2\/media?parent=11"}],"curies":[{"name":"wp","href":"https:\/\/api.w.org\/{rel}","templated":true}]}}